{"id":4310,"date":"2024-03-18T11:12:10","date_gmt":"2024-03-18T11:12:10","guid":{"rendered":"https:\/\/demo.awaikenthemes.com\/solor\/?page_id=4310"},"modified":"2025-08-27T12:57:48","modified_gmt":"2025-08-27T09:57:48","slug":"iletisim","status":"publish","type":"page","link":"https:\/\/rpmmadencilik.com\/en\/iletisim\/","title":{"rendered":"Contact"},"content":{"rendered":"<div data-elementor-type=\"wp-page\" data-elementor-id=\"4310\" class=\"elementor elementor-4310\" data-elementor-post-type=\"page\">\n\t\t\t\t<div class=\"elementor-element elementor-element-3605c73 parallaxie e-flex e-con-boxed e-con e-parent\" data-id=\"3605c73\" data-element_type=\"container\" data-settings=\"{&quot;background_background&quot;:&quot;classic&quot;,&quot;ekit_section_parallax_bg&quot;:&quot;yes&quot;,&quot;ekit_section_parallax_bg_speed&quot;:0.4}\">\n\t\t\t\t\t<div class=\"e-con-inner\">\n\t\t<div class=\"elementor-element elementor-element-2ac7459 e-con-full e-flex e-con e-child\" data-id=\"2ac7459\" data-element_type=\"container\">\n\t\t\t\t<div class=\"elementor-element elementor-element-0cf7242 solor-heading-animation solor-animation-heading-style-2 elementor-widget elementor-widget-heading\" data-id=\"0cf7242\" data-element_type=\"widget\" data-settings=\"{&quot;ekit_we_effect_on&quot;:&quot;none&quot;}\" data-widget_type=\"heading.default\">\n\t\t\t\t<div class=\"elementor-widget-container\">\n\t\t\t\t\t<h1 class=\"elementor-heading-title elementor-size-default\">Contact Us<\/h1>\t\t\t\t<\/div>\n\t\t\t\t<\/div>\n\t\t\t\t<\/div>\n\t\t\t\t\t<\/div>\n\t\t\t\t<\/div>\n\t\t<div class=\"elementor-element elementor-element-0273ae9 e-flex e-con-boxed e-con e-parent\" data-id=\"0273ae9\" data-element_type=\"container\">\n\t\t\t\t\t<div class=\"e-con-inner\">\n\t\t<div class=\"elementor-element elementor-element-91efe46 e-con-full e-flex e-con e-child\" data-id=\"91efe46\" data-element_type=\"container\">\n\t\t\t\t<div class=\"elementor-element elementor-element-844a35a ekit-equal-height-disable elementor-widget elementor-widget-elementskit-icon-box\" data-id=\"844a35a\" data-element_type=\"widget\" data-settings=\"{&quot;ekit_we_effect_on&quot;:&quot;none&quot;}\" data-widget_type=\"elementskit-icon-box.default\">\n\t\t\t\t<div class=\"elementor-widget-container\">\n\t\t\t\t\t<div class=\"ekit-wid-con\" >        <!-- link opening -->\n                <a href=\"#\" class=\"ekit_global_links\">\n                <!-- end link opening -->\n\n        <div class=\"elementskit-infobox text-center text- icon-top-align elementor-animation-\">\n                    <div class=\"elementskit-box-header elementor-animation-\">\n                <div class=\"elementskit-info-box-icon\">\n                    <i aria-hidden=\"true\" class=\"elementkit-infobox-icon icon icon-email1\"><\/i>\n                <\/div>\n          <\/div>\n                        <div class=\"box-body\">\n                            <h3 class=\"elementskit-info-box-title\">\n                    Email                <\/h3>\n                        \t\t  \t<p>info@rpmmadencilik.com<\/p>\n                                <\/div>\n        \n        \n                <\/div>\n                <\/a>\n        <\/div>\t\t\t\t<\/div>\n\t\t\t\t<\/div>\n\t\t\t\t<\/div>\n\t\t<div class=\"elementor-element elementor-element-2af4514 e-con-full e-flex e-con e-child\" data-id=\"2af4514\" data-element_type=\"container\">\n\t\t\t\t<div class=\"elementor-element elementor-element-f77fcab ekit-equal-height-disable elementor-widget elementor-widget-elementskit-icon-box\" data-id=\"f77fcab\" data-element_type=\"widget\" data-settings=\"{&quot;ekit_we_effect_on&quot;:&quot;none&quot;}\" data-widget_type=\"elementskit-icon-box.default\">\n\t\t\t\t<div class=\"elementor-widget-container\">\n\t\t\t\t\t<div class=\"ekit-wid-con\" >        <!-- link opening -->\n                <a href=\"#\" class=\"ekit_global_links\">\n                <!-- end link opening -->\n\n        <div class=\"elementskit-infobox text-center text- icon-top-align elementor-animation-\">\n                    <div class=\"elementskit-box-header elementor-animation-\">\n                <div class=\"elementskit-info-box-icon\">\n                    <i aria-hidden=\"true\" class=\"elementkit-infobox-icon fas fa-phone-alt\"><\/i>\n                <\/div>\n          <\/div>\n                        <div class=\"box-body\">\n                            <h3 class=\"elementskit-info-box-title\">\n                    Phone                <\/h3>\n                        \t\t  \t<p>+90 533 581 56 01<\/p>\n                                <\/div>\n        \n        \n                <\/div>\n                <\/a>\n        <\/div>\t\t\t\t<\/div>\n\t\t\t\t<\/div>\n\t\t\t\t<\/div>\n\t\t<div class=\"elementor-element elementor-element-079f3ed e-con-full e-flex e-con e-child\" data-id=\"079f3ed\" data-element_type=\"container\">\n\t\t\t\t<div class=\"elementor-element elementor-element-ada3ebd ekit-equal-height-disable elementor-widget elementor-widget-elementskit-icon-box\" data-id=\"ada3ebd\" data-element_type=\"widget\" data-settings=\"{&quot;ekit_we_effect_on&quot;:&quot;none&quot;}\" data-widget_type=\"elementskit-icon-box.default\">\n\t\t\t\t<div class=\"elementor-widget-container\">\n\t\t\t\t\t<div class=\"ekit-wid-con\" >        <!-- link opening -->\n                <a href=\"#\" class=\"ekit_global_links\">\n                <!-- end link opening -->\n\n        <div class=\"elementskit-infobox text-center text- icon-top-align elementor-animation-\">\n                    <div class=\"elementskit-box-header elementor-animation-\">\n                <div class=\"elementskit-info-box-icon\">\n                    <i aria-hidden=\"true\" class=\"elementkit-infobox-icon fas fa-search-location\"><\/i>\n                <\/div>\n          <\/div>\n                        <div class=\"box-body\">\n                            <h3 class=\"elementskit-info-box-title\">\n                    Location                <\/h3>\n                        \t\t  \t<p>Alsancak, K\u0131br\u0131s \u015eehitleri Cd. No:179 B, 35220 Konak\/\u0130zmir<\/p>\n                                <\/div>\n        \n        \n                <\/div>\n                <\/a>\n        <\/div>\t\t\t\t<\/div>\n\t\t\t\t<\/div>\n\t\t\t\t<\/div>\n\t\t\t\t\t<\/div>\n\t\t\t\t<\/div>\n\t\t<div class=\"elementor-element elementor-element-c7a48ba e-flex e-con-boxed e-con e-parent\" data-id=\"c7a48ba\" data-element_type=\"container\">\n\t\t\t\t\t<div class=\"e-con-inner\">\n\t\t<div class=\"elementor-element elementor-element-7363abc e-con-full e-flex e-con e-child\" data-id=\"7363abc\" data-element_type=\"container\">\n\t\t\t\t<div class=\"elementor-element elementor-element-b29d935 elementor-widget elementor-widget-html\" data-id=\"b29d935\" data-element_type=\"widget\" data-settings=\"{&quot;ekit_we_effect_on&quot;:&quot;none&quot;}\" data-widget_type=\"html.default\">\n\t\t\t\t<div class=\"elementor-widget-container\">\n\t\t\t\t\t<iframe src=\"https:\/\/www.google.com\/maps\/embed?pb=!1m18!1m12!1m3!1d3125.0129743488783!2d27.140963176711193!3d38.44116927182513!2m3!1f0!2f0!3f0!3m2!1i1024!2i768!4f13.1!3m3!1m2!1s0x14bbd8448590eafb%3A0x8a595419cb651b53!2sThe%20Port%20Residence!5e0!3m2!1str!2str!4v1756288658958!5m2!1str!2str\" width=\"600\" height=\"450\" style=\"border:0;\" allowfullscreen=\"\" loading=\"lazy\" referrerpolicy=\"no-referrer-when-downgrade\"><\/iframe>\t\t\t\t<\/div>\n\t\t\t\t<\/div>\n\t\t\t\t<\/div>\n\t\t<div class=\"elementor-element elementor-element-5cec0b0 e-con-full e-flex e-con e-child\" data-id=\"5cec0b0\" data-element_type=\"container\">\n\t\t\t\t<div class=\"elementor-element elementor-element-25e7628 solor-heading-animation solor-animation-heading-style-2 elementor-widget elementor-widget-heading\" data-id=\"25e7628\" data-element_type=\"widget\" data-settings=\"{&quot;ekit_we_effect_on&quot;:&quot;none&quot;}\" data-widget_type=\"heading.default\">\n\t\t\t\t<div class=\"elementor-widget-container\">\n\t\t\t\t\t<h2 class=\"elementor-heading-title elementor-size-default\">Fast Communication<\/h2>\t\t\t\t<\/div>\n\t\t\t\t<\/div>\n\t\t\t\t<div class=\"elementor-element elementor-element-3e518b9 elementor-widget elementor-widget-elementskit-contact-form7\" data-id=\"3e518b9\" data-element_type=\"widget\" data-settings=\"{&quot;ekit_we_effect_on&quot;:&quot;none&quot;}\" data-widget_type=\"elementskit-contact-form7.default\">\n\t\t\t\t<div class=\"elementor-widget-container\">\n\t\t\t\t\t<div class=\"ekit-wid-con\" ><div class=\"ekit-form\">\n<div class=\"wpcf7 no-js\" id=\"wpcf7-f4544-p4310-o1\" lang=\"en-US\" dir=\"ltr\" data-wpcf7-id=\"4544\">\n<div class=\"screen-reader-response\"><p role=\"status\" aria-live=\"polite\" aria-atomic=\"true\"><\/p> <ul><\/ul><\/div>\n<form action=\"\/en\/iletisim\/#wpcf7-f4544-p4310-o1\" method=\"post\" class=\"wpcf7-form init\" aria-label=\"\u0130leti\u015fim Formu\" novalidate=\"novalidate\" data-status=\"init\" data-no-translation-aria-label=\"\" data-trp-original-action=\"\/en\/iletisim\/#wpcf7-f4544-p4310-o1\">\n<fieldset class=\"hidden-fields-container\"><input type=\"hidden\" name=\"_wpcf7\" value=\"4544\" \/><input type=\"hidden\" name=\"_wpcf7_version\" value=\"6.1.4\" \/><input type=\"hidden\" name=\"_wpcf7_locale\" value=\"en_US\" \/><input type=\"hidden\" name=\"_wpcf7_unit_tag\" value=\"wpcf7-f4544-p4310-o1\" \/><input type=\"hidden\" name=\"_wpcf7_container_post\" value=\"4310\" \/><input type=\"hidden\" name=\"_wpcf7_posted_data_hash\" value=\"\" \/>\n<\/fieldset>\n<div class=\"contact-form\">\n\t<div class=\"row\">\n\t\t<div class=\"form-group col-md-6 mb-4\">\n\t\t\t<p><span class=\"wpcf7-form-control-wrap\" data-name=\"FullName\"><input size=\"40\" maxlength=\"400\" class=\"wpcf7-form-control wpcf7-text wpcf7-validates-as-required form-control\" id=\"name\" aria-required=\"true\" aria-invalid=\"false\" placeholder=\"Your Name\" value=\"\" type=\"text\" name=\"FullName\" \/><\/span>\n\t\t\t<\/p>\n\t\t<\/div>\n\t\t<div class=\"form-group col-md-6 mb-4\">\n\t\t\t<p><span class=\"wpcf7-form-control-wrap\" data-name=\"FullSurname\"><input size=\"40\" maxlength=\"400\" class=\"wpcf7-form-control wpcf7-text wpcf7-validates-as-required form-control\" id=\"surname\" aria-required=\"true\" aria-invalid=\"false\" placeholder=\"Your Last Name\" value=\"\" type=\"text\" name=\"FullSurname\" \/><\/span>\n\t\t\t<\/p>\n\t\t<\/div>\n\t\t<div class=\"form-group col-md-6 mb-4\">\n\t\t\t<p><span class=\"wpcf7-form-control-wrap\" data-name=\"Email\"><input size=\"40\" maxlength=\"400\" class=\"wpcf7-form-control wpcf7-email wpcf7-validates-as-required wpcf7-text wpcf7-validates-as-email form-control\" id=\"email\" aria-required=\"true\" aria-invalid=\"false\" placeholder=\"E-Mail\" value=\"\" type=\"email\" name=\"Email\" \/><\/span>\n\t\t\t<\/p>\n\t\t<\/div>\n\t\t<div class=\"form-group col-md-6 mb-4\">\n\t\t\t<p><span class=\"wpcf7-form-control-wrap\" data-name=\"Phone\"><input size=\"40\" maxlength=\"400\" class=\"wpcf7-form-control wpcf7-text wpcf7-validates-as-required form-control\" id=\"phone\" aria-required=\"true\" aria-invalid=\"false\" placeholder=\"Phone\" value=\"\" type=\"text\" name=\"Phone\" \/><\/span>\n\t\t\t<\/p>\n\t\t<\/div>\n\t\t<div class=\"form-group col-md-6 mb-4\">\n\t\t\t<p><span class=\"wpcf7-form-control-wrap\" data-name=\"Company\"><input size=\"40\" maxlength=\"400\" class=\"wpcf7-form-control wpcf7-text form-control\" id=\"company\" aria-invalid=\"false\" placeholder=\"Company\" value=\"\" type=\"text\" name=\"Company\" \/><\/span>\n\t\t\t<\/p>\n\t\t<\/div>\n\t\t<div class=\"form-group col-md-6 mb-4\">\n\t\t\t<p><span class=\"wpcf7-form-control-wrap\" data-name=\"Subject\"><input size=\"40\" maxlength=\"400\" class=\"wpcf7-form-control wpcf7-text form-control\" id=\"subject\" aria-invalid=\"false\" placeholder=\"Subject\" value=\"\" type=\"text\" name=\"Subject\" \/><\/span>\n\t\t\t<\/p>\n\t\t<\/div>\n\t\t<div class=\"form-group col-md-12 mb-4\">\n\t\t\t<p><span class=\"wpcf7-form-control-wrap\" data-name=\"Write\"><textarea cols=\"40\" rows=\"10\" maxlength=\"2000\" class=\"wpcf7-form-control wpcf7-textarea form-control\" id=\"msg\" aria-invalid=\"false\" placeholder=\"Your Message\" name=\"Write\"><\/textarea><\/span>\n\t\t\t<\/p>\n\t\t<\/div>\n\t\t<div class=\"form-group col-md-12 text-align-center\">\n\t\t\t<p><input class=\"wpcf7-form-control wpcf7-submit has-spinner form-btn\" id=\"msgSubmit\" type=\"submit\" value=\"Send\" \/>\n\t\t\t<\/p>\n\t\t<\/div>\n\t<\/div>\n<\/div><div class=\"wpcf7-response-output\" aria-hidden=\"true\"><\/div>\n<input type=\"hidden\" name=\"trp-form-language\" value=\"en\"\/><\/form>\n<\/div>\n<\/div><\/div>\t\t\t\t<\/div>\n\t\t\t\t<\/div>\n\t\t\t\t<\/div>\n\t\t\t\t\t<\/div>\n\t\t\t\t<\/div>\n\t\t\t\t<\/div>","protected":false},"excerpt":{"rendered":"<p>Contact Us Mail info@rpmmadencilik.com Phone +90 533 581 56 01 Konum Alsancak, K\u0131br\u0131s \u015eehitleri Cd. No:179 B, 35220 Konak\/\u0130zmir H\u0131zl\u0131 \u0130leti\u015fim<\/p>","protected":false},"author":1,"featured_media":0,"parent":0,"menu_order":0,"comment_status":"closed","ping_status":"closed","template":"elementor_header_footer","meta":{"_joinchat":[],"footnotes":""},"class_list":["post-4310","page","type-page","status-publish","hentry"],"yoast_head":"<!-- This site is optimized with the Yoast SEO plugin v26.0 - https:\/\/yoast.com\/wordpress\/plugins\/seo\/ -->\n<title>\u0130leti\u015fim - Rpm Madencilik<\/title>\n<meta name=\"description\" content=\"Get in touch with RPM Mining for reliable support, detailed information, and tailored solutions for your mining needs.\" \/>\n<meta name=\"robots\" content=\"index, follow, max-snippet:-1, max-image-preview:large, max-video-preview:-1\" \/>\n<link rel=\"canonical\" href=\"https:\/\/rpmmadencilik.com\/en\/iletisim\/\" \/>\n<meta property=\"og:locale\" content=\"en_US\" \/>\n<meta property=\"og:type\" content=\"article\" \/>\n<meta property=\"og:title\" content=\"\u0130leti\u015fim - Rpm Madencilik\" \/>\n<meta property=\"og:description\" content=\"Get in touch with RPM Mining for reliable support, detailed information, and tailored solutions for your mining needs.\" \/>\n<meta property=\"og:url\" content=\"https:\/\/rpmmadencilik.com\/en\/iletisim\/\" \/>\n<meta property=\"og:site_name\" content=\"Rpm Madencilik\" \/>\n<meta property=\"article:modified_time\" content=\"2025-08-27T09:57:48+00:00\" \/>\n<meta name=\"twitter:card\" content=\"summary_large_image\" \/>\n<meta name=\"twitter:label1\" content=\"Est. reading time\" \/>\n\t<meta name=\"twitter:data1\" content=\"1 minute\" \/>\n<script type=\"application\/ld+json\" class=\"yoast-schema-graph\">{\"@context\":\"https:\/\/schema.org\",\"@graph\":[{\"@type\":\"WebPage\",\"@id\":\"https:\/\/rpmmadencilik.com\/iletisim\/\",\"url\":\"https:\/\/rpmmadencilik.com\/iletisim\/\",\"name\":\"\u0130leti\u015fim - Rpm Madencilik\",\"isPartOf\":{\"@id\":\"https:\/\/rpmmadencilik.com\/#website\"},\"datePublished\":\"2024-03-18T11:12:10+00:00\",\"dateModified\":\"2025-08-27T09:57:48+00:00\",\"description\":\"Get in touch with RPM Mining for reliable support, detailed information, and tailored solutions for your mining needs.\",\"breadcrumb\":{\"@id\":\"https:\/\/rpmmadencilik.com\/iletisim\/#breadcrumb\"},\"inLanguage\":\"en-US\",\"potentialAction\":[{\"@type\":\"ReadAction\",\"target\":[\"https:\/\/rpmmadencilik.com\/iletisim\/\"]}]},{\"@type\":\"BreadcrumbList\",\"@id\":\"https:\/\/rpmmadencilik.com\/iletisim\/#breadcrumb\",\"itemListElement\":[{\"@type\":\"ListItem\",\"position\":1,\"name\":\"Anasayfa\",\"item\":\"https:\/\/rpmmadencilik.com\/\"},{\"@type\":\"ListItem\",\"position\":2,\"name\":\"\u0130leti\u015fim\"}]},{\"@type\":\"WebSite\",\"@id\":\"https:\/\/rpmmadencilik.com\/#website\",\"url\":\"https:\/\/rpmmadencilik.com\/\",\"name\":\"Rpm Madencilik\",\"description\":\"Power in Every Layer\",\"potentialAction\":[{\"@type\":\"SearchAction\",\"target\":{\"@type\":\"EntryPoint\",\"urlTemplate\":\"https:\/\/rpmmadencilik.com\/?s={search_term_string}\"},\"query-input\":{\"@type\":\"PropertyValueSpecification\",\"valueRequired\":true,\"valueName\":\"search_term_string\"}}],\"inLanguage\":\"en-US\"}]}<\/script>\n<!-- \/ Yoast SEO plugin. -->","yoast_head_json":{"title":"\u0130leti\u015fim - Rpm Madencilik","description":"Get in touch with RPM Mining for reliable support, detailed information, and tailored solutions for your mining needs.","robots":{"index":"index","follow":"follow","max-snippet":"max-snippet:-1","max-image-preview":"max-image-preview:large","max-video-preview":"max-video-preview:-1"},"canonical":"https:\/\/rpmmadencilik.com\/en\/iletisim\/","og_locale":"en_US","og_type":"article","og_title":"\u0130leti\u015fim - Rpm Madencilik","og_description":"Get in touch with RPM Mining for reliable support, detailed information, and tailored solutions for your mining needs.","og_url":"https:\/\/rpmmadencilik.com\/en\/iletisim\/","og_site_name":"Rpm Madencilik","article_modified_time":"2025-08-27T09:57:48+00:00","twitter_card":"summary_large_image","twitter_misc":{"Est. reading time":"1 minute"},"schema":{"@context":"https:\/\/schema.org","@graph":[{"@type":"WebPage","@id":"https:\/\/rpmmadencilik.com\/iletisim\/","url":"https:\/\/rpmmadencilik.com\/iletisim\/","name":"\u0130leti\u015fim - Rpm Madencilik","isPartOf":{"@id":"https:\/\/rpmmadencilik.com\/#website"},"datePublished":"2024-03-18T11:12:10+00:00","dateModified":"2025-08-27T09:57:48+00:00","description":"Get in touch with RPM Mining for reliable support, detailed information, and tailored solutions for your mining needs.","breadcrumb":{"@id":"https:\/\/rpmmadencilik.com\/iletisim\/#breadcrumb"},"inLanguage":"en-US","potentialAction":[{"@type":"ReadAction","target":["https:\/\/rpmmadencilik.com\/iletisim\/"]}]},{"@type":"BreadcrumbList","@id":"https:\/\/rpmmadencilik.com\/iletisim\/#breadcrumb","itemListElement":[{"@type":"ListItem","position":1,"name":"Anasayfa","item":"https:\/\/rpmmadencilik.com\/"},{"@type":"ListItem","position":2,"name":"\u0130leti\u015fim"}]},{"@type":"WebSite","@id":"https:\/\/rpmmadencilik.com\/#website","url":"https:\/\/rpmmadencilik.com\/","name":"Rpm Madencilik","description":"Power in Every Layer","potentialAction":[{"@type":"SearchAction","target":{"@type":"EntryPoint","urlTemplate":"https:\/\/rpmmadencilik.com\/?s={search_term_string}"},"query-input":{"@type":"PropertyValueSpecification","valueRequired":true,"valueName":"search_term_string"}}],"inLanguage":"en-US"}]}},"_links":{"self":[{"href":"https:\/\/rpmmadencilik.com\/en\/wp-json\/wp\/v2\/pages\/4310","targetHints":{"allow":["GET"]}}],"collection":[{"href":"https:\/\/rpmmadencilik.com\/en\/wp-json\/wp\/v2\/pages"}],"about":[{"href":"https:\/\/rpmmadencilik.com\/en\/wp-json\/wp\/v2\/types\/page"}],"author":[{"embeddable":true,"href":"https:\/\/rpmmadencilik.com\/en\/wp-json\/wp\/v2\/users\/1"}],"replies":[{"embeddable":true,"href":"https:\/\/rpmmadencilik.com\/en\/wp-json\/wp\/v2\/comments?post=4310"}],"version-history":[{"count":55,"href":"https:\/\/rpmmadencilik.com\/en\/wp-json\/wp\/v2\/pages\/4310\/revisions"}],"predecessor-version":[{"id":10136,"href":"https:\/\/rpmmadencilik.com\/en\/wp-json\/wp\/v2\/pages\/4310\/revisions\/10136"}],"wp:attachment":[{"href":"https:\/\/rpmmadencilik.com\/en\/wp-json\/wp\/v2\/media?parent=4310"}],"curies":[{"name":"wp","href":"https:\/\/api.w.org\/{rel}","templated":true}]}}