{"id":1277,"date":"2024-03-15T10:54:18","date_gmt":"2024-03-15T10:54:18","guid":{"rendered":"https:\/\/demo.awaikenthemes.com\/solor\/?page_id=1277"},"modified":"2025-08-27T12:47:13","modified_gmt":"2025-08-27T09:47:13","slug":"biz-kimiz","status":"publish","type":"page","link":"https:\/\/rpmmadencilik.com\/en\/biz-kimiz\/","title":{"rendered":"Who Are We?"},"content":{"rendered":"<div data-elementor-type=\"wp-page\" data-elementor-id=\"1277\" class=\"elementor elementor-1277\" data-elementor-post-type=\"page\">\n\t\t\t\t<div class=\"elementor-element elementor-element-2501e17 parallaxie e-flex e-con-boxed e-con e-parent\" data-id=\"2501e17\" data-element_type=\"container\" data-settings=\"{&quot;background_background&quot;:&quot;classic&quot;}\">\n\t\t\t\t\t<div class=\"e-con-inner\">\n\t\t<div class=\"elementor-element elementor-element-9d4d84e e-con-full e-flex e-con e-child\" data-id=\"9d4d84e\" data-element_type=\"container\">\n\t\t\t\t<div class=\"elementor-element elementor-element-bfdf183 solor-heading-animation solor-animation-heading-style-2 elementor-widget elementor-widget-heading\" data-id=\"bfdf183\" data-element_type=\"widget\" data-settings=\"{&quot;ekit_we_effect_on&quot;:&quot;none&quot;}\" data-widget_type=\"heading.default\">\n\t\t\t\t<div class=\"elementor-widget-container\">\n\t\t\t\t\t<h1 class=\"elementor-heading-title elementor-size-default\">Who Are We?<\/h1>\t\t\t\t<\/div>\n\t\t\t\t<\/div>\n\t\t\t\t<\/div>\n\t\t\t\t\t<\/div>\n\t\t\t\t<\/div>\n\t\t<div class=\"elementor-element elementor-element-6ab16d5 e-flex e-con-boxed e-con e-parent\" data-id=\"6ab16d5\" data-element_type=\"container\">\n\t\t\t\t\t<div class=\"e-con-inner\">\n\t\t<div class=\"elementor-element elementor-element-5e8cb55 e-con-full e-flex e-con e-child\" data-id=\"5e8cb55\" data-element_type=\"container\">\n\t\t\t\t<div class=\"elementor-element elementor-element-749a7d4 animated-slow solor-image-animation solor-animation-image-none elementor-invisible elementor-widget elementor-widget-image\" data-id=\"749a7d4\" data-element_type=\"widget\" data-settings=\"{&quot;_animation&quot;:&quot;fadeInUp&quot;,&quot;ekit_we_effect_on&quot;:&quot;none&quot;}\" data-widget_type=\"image.default\">\n\t\t\t\t<div class=\"elementor-widget-container\">\n\t\t\t\t\t\t\t\t\t\t\t\t\t\t\t<img fetchpriority=\"high\" decoding=\"async\" width=\"800\" height=\"464\" src=\"https:\/\/rpmmadencilik.com\/wp-content\/uploads\/2025\/08\/fbfb2823e4cc8f12.jpg_20250411112216_1000x580.jpg\" class=\"attachment-large size-large wp-image-10091\" alt=\"\" srcset=\"https:\/\/rpmmadencilik.com\/wp-content\/uploads\/2025\/08\/fbfb2823e4cc8f12.jpg_20250411112216_1000x580.jpg 1000w, https:\/\/rpmmadencilik.com\/wp-content\/uploads\/2025\/08\/fbfb2823e4cc8f12.jpg_20250411112216_1000x580-768x445.jpg 768w, https:\/\/rpmmadencilik.com\/wp-content\/uploads\/2025\/08\/fbfb2823e4cc8f12.jpg_20250411112216_1000x580-18x10.jpg 18w\" sizes=\"(max-width: 800px) 100vw, 800px\" \/>\t\t\t\t\t\t\t\t\t\t\t\t\t\t\t<\/div>\n\t\t\t\t<\/div>\n\t\t\t\t<\/div>\n\t\t<div class=\"elementor-element elementor-element-16ec7a1 e-con-full e-flex e-con e-child\" data-id=\"16ec7a1\" data-element_type=\"container\">\n\t\t<div class=\"elementor-element elementor-element-7ce3fa8 e-con-full e-flex e-con e-child\" data-id=\"7ce3fa8\" data-element_type=\"container\">\n\t\t\t\t<div class=\"elementor-element elementor-element-49cafb6 solor-heading-animation solor-animation-heading-style-2 elementor-widget elementor-widget-heading\" data-id=\"49cafb6\" data-element_type=\"widget\" data-settings=\"{&quot;ekit_we_effect_on&quot;:&quot;none&quot;}\" data-widget_type=\"heading.default\">\n\t\t\t\t<div class=\"elementor-widget-container\">\n\t\t\t\t\t<h2 class=\"elementor-heading-title elementor-size-default\">About Us<\/h2>\t\t\t\t<\/div>\n\t\t\t\t<\/div>\n\t\t\t\t<div class=\"elementor-element elementor-element-72b12b4 elementor-invisible elementor-widget elementor-widget-text-editor\" data-id=\"72b12b4\" data-element_type=\"widget\" data-settings=\"{&quot;_animation&quot;:&quot;fadeInUp&quot;,&quot;_animation_delay&quot;:100,&quot;ekit_we_effect_on&quot;:&quot;none&quot;}\" data-widget_type=\"text-editor.default\">\n\t\t\t\t<div class=\"elementor-widget-container\">\n\t\t\t\t\t\t\t\t\t<p>At RPM Mining, we prioritize sustainable production, high efficiency, and reliability in the mining industry. We integrate high-performance refractory solutions meeting international standards into our operations, aligned with the durability and technology required by modern mining operations.<\/p><p>The advanced refractory products we use in collaboration with Dralon Refractory make our production processes safer and more uninterrupted by providing high temperature resistance, long-lasting use, and energy efficiency. This allows us to both increase workforce efficiency and optimize costs.<\/p><p>The refractory materials we use in our mines, melting, and processing lines include induction furnaces, castable and plastic refractory series, and auxiliary materials. These products provide maximum performance, minimal disruption, and environmentally friendly production in our operations.<\/p>\t\t\t\t\t\t\t\t<\/div>\n\t\t\t\t<\/div>\n\t\t\t\t<\/div>\n\t\t\t\t<\/div>\n\t\t\t\t\t<\/div>\n\t\t\t\t<\/div>\n\t\t<div class=\"elementor-element elementor-element-cf6bc97 e-flex e-con-boxed e-con e-parent\" data-id=\"cf6bc97\" data-element_type=\"container\" data-settings=\"{&quot;background_background&quot;:&quot;classic&quot;}\">\n\t\t\t\t\t<div class=\"e-con-inner\">\n\t\t<div class=\"elementor-element elementor-element-1fba2b4 e-con-full e-flex e-con e-child\" data-id=\"1fba2b4\" data-element_type=\"container\">\n\t\t\t\t<div class=\"elementor-element elementor-element-d9d55f0 image-anime animated-slow elementor-invisible elementor-widget elementor-widget-image\" data-id=\"d9d55f0\" data-element_type=\"widget\" data-settings=\"{&quot;_animation&quot;:&quot;fadeInUp&quot;,&quot;ekit_we_effect_on&quot;:&quot;none&quot;}\" data-widget_type=\"image.default\">\n\t\t\t\t<div class=\"elementor-widget-container\">\n\t\t\t\t\t\t\t\t\t\t\t\t\t\t\t<img decoding=\"async\" width=\"1000\" height=\"580\" src=\"https:\/\/rpmmadencilik.com\/wp-content\/uploads\/2025\/08\/40c54ba4db2d6332.jpg_20250411112235_1000x580.jpg\" class=\"attachment-full size-full wp-image-10093\" alt=\"\" srcset=\"https:\/\/rpmmadencilik.com\/wp-content\/uploads\/2025\/08\/40c54ba4db2d6332.jpg_20250411112235_1000x580.jpg 1000w, https:\/\/rpmmadencilik.com\/wp-content\/uploads\/2025\/08\/40c54ba4db2d6332.jpg_20250411112235_1000x580-768x445.jpg 768w, https:\/\/rpmmadencilik.com\/wp-content\/uploads\/2025\/08\/40c54ba4db2d6332.jpg_20250411112235_1000x580-18x10.jpg 18w\" sizes=\"(max-width: 1000px) 100vw, 1000px\" \/>\t\t\t\t\t\t\t\t\t\t\t\t\t\t\t<\/div>\n\t\t\t\t<\/div>\n\t\t\t\t<\/div>\n\t\t<div class=\"elementor-element elementor-element-037d39e e-con-full e-flex e-con e-child\" data-id=\"037d39e\" data-element_type=\"container\">\n\t\t\t\t<div class=\"elementor-element elementor-element-3189d2e hero-title-primary-color solor-heading-animation solor-animation-heading-style-2 elementor-invisible elementor-widget elementor-widget-heading\" data-id=\"3189d2e\" data-element_type=\"widget\" data-settings=\"{&quot;_animation&quot;:&quot;fadeInUp&quot;,&quot;ekit_we_effect_on&quot;:&quot;none&quot;}\" data-widget_type=\"heading.default\">\n\t\t\t\t<div class=\"elementor-widget-container\">\n\t\t\t\t\t<h2 class=\"elementor-heading-title elementor-size-default\">We Draw Our Strength from Nature and Contribute to the Future<\/h2>\t\t\t\t<\/div>\n\t\t\t\t<\/div>\n\t\t\t\t<div class=\"elementor-element elementor-element-e15ccfc elementor-invisible elementor-widget elementor-widget-text-editor\" data-id=\"e15ccfc\" data-element_type=\"widget\" data-settings=\"{&quot;_animation&quot;:&quot;fadeInUp&quot;,&quot;_animation_delay&quot;:100,&quot;ekit_we_effect_on&quot;:&quot;none&quot;}\" data-widget_type=\"text-editor.default\">\n\t\t\t\t<div class=\"elementor-widget-container\">\n\t\t\t\t\t\t\t\t\t<p>Our vision as RPM Mining:<\/p><p>Achieving international quality standards in mining,<\/p><p>To provide reliable and sustainable solutions by integrating technology and innovation into our processes,<\/p><p>To position ourselves as a leading and respected brand in T\u00fcrkiye and the global market.<\/p>\t\t\t\t\t\t\t\t<\/div>\n\t\t\t\t<\/div>\n\t\t\t\t<\/div>\n\t\t\t\t\t<\/div>\n\t\t\t\t<\/div>\n\t\t<div class=\"elementor-element elementor-element-7bff307 e-flex e-con-boxed e-con e-parent\" data-id=\"7bff307\" data-element_type=\"container\">\n\t\t\t\t\t<div class=\"e-con-inner\">\n\t\t<div class=\"elementor-element elementor-element-9390035 e-flex e-con-boxed e-con e-child\" data-id=\"9390035\" data-element_type=\"container\">\n\t\t\t\t\t<div class=\"e-con-inner\">\n\t\t\t\t<div class=\"elementor-element elementor-element-c7c3d6e solor-heading-animation solor-animation-heading-style-2 elementor-widget elementor-widget-heading\" data-id=\"c7c3d6e\" data-element_type=\"widget\" data-settings=\"{&quot;ekit_we_effect_on&quot;:&quot;none&quot;}\" data-widget_type=\"heading.default\">\n\t\t\t\t<div class=\"elementor-widget-container\">\n\t\t\t\t\t<h2 class=\"elementor-heading-title elementor-size-default\">Our Quality Control Process<\/h2>\t\t\t\t<\/div>\n\t\t\t\t<\/div>\n\t\t\t\t<div class=\"elementor-element elementor-element-6f84d15 elementor-invisible elementor-widget elementor-widget-text-editor\" data-id=\"6f84d15\" data-element_type=\"widget\" data-settings=\"{&quot;_animation&quot;:&quot;fadeInUp&quot;,&quot;ekit_we_effect_on&quot;:&quot;none&quot;}\" data-widget_type=\"text-editor.default\">\n\t\t\t\t<div class=\"elementor-widget-container\">\n\t\t\t\t\t\t\t\t\t<p data-start=\"181\" data-end=\"485\">At RPM Mining, we implement quality control processes that comply with international standards at every stage of our production and operations. Our goal is to maximize both employee safety and customer satisfaction by providing reliable, efficient, and long-lasting solutions.<\/p>\t\t\t\t\t\t\t\t<\/div>\n\t\t\t\t<\/div>\n\t\t\t\t\t<\/div>\n\t\t\t\t<\/div>\n\t\t<div class=\"elementor-element elementor-element-56f1f96 e-con-full e-flex e-con e-child\" data-id=\"56f1f96\" data-element_type=\"container\">\n\t\t<div class=\"elementor-element elementor-element-5a52c99 e-con-full our-work-process-item e-flex elementor-invisible e-con e-child\" data-id=\"5a52c99\" data-element_type=\"container\" data-settings=\"{&quot;animation&quot;:&quot;fadeInUp&quot;}\">\n\t\t\t\t<div class=\"elementor-element elementor-element-323584f elementor-view-stacked elementor-shape-square elementor-widget elementor-widget-icon\" data-id=\"323584f\" data-element_type=\"widget\" data-settings=\"{&quot;ekit_we_effect_on&quot;:&quot;none&quot;}\" data-widget_type=\"icon.default\">\n\t\t\t\t<div class=\"elementor-widget-container\">\n\t\t\t\t\t\t\t<div class=\"elementor-icon-wrapper\">\n\t\t\t<div class=\"elementor-icon\">\n\t\t\t<i aria-hidden=\"true\" class=\"fas fa-circle-notch\"><\/i>\t\t\t<\/div>\n\t\t<\/div>\n\t\t\t\t\t\t<\/div>\n\t\t\t\t<\/div>\n\t\t\t\t<div class=\"elementor-element elementor-element-e4eb41d elementor-widget elementor-widget-image-box\" data-id=\"e4eb41d\" data-element_type=\"widget\" data-settings=\"{&quot;ekit_we_effect_on&quot;:&quot;none&quot;}\" data-widget_type=\"image-box.default\">\n\t\t\t\t<div class=\"elementor-widget-container\">\n\t\t\t\t\t<div class=\"elementor-image-box-wrapper\"><div class=\"elementor-image-box-content\"><h3 class=\"elementor-image-box-title\">Input Control<\/h3><p class=\"elementor-image-box-description\">All raw materials and Dralon Refractory products are subjected to chemical, physical and technical tests before being put into production.<\/p><\/div><\/div>\t\t\t\t<\/div>\n\t\t\t\t<\/div>\n\t\t\t\t<\/div>\n\t\t<div class=\"elementor-element elementor-element-1c2e1e9 e-con-full our-work-process-item e-flex elementor-invisible e-con e-child\" data-id=\"1c2e1e9\" data-element_type=\"container\" data-settings=\"{&quot;animation&quot;:&quot;fadeInUp&quot;,&quot;animation_delay&quot;:100}\">\n\t\t\t\t<div class=\"elementor-element elementor-element-f1cff7b elementor-view-stacked elementor-shape-square elementor-widget elementor-widget-icon\" data-id=\"f1cff7b\" data-element_type=\"widget\" data-settings=\"{&quot;ekit_we_effect_on&quot;:&quot;none&quot;}\" data-widget_type=\"icon.default\">\n\t\t\t\t<div class=\"elementor-widget-container\">\n\t\t\t\t\t\t\t<div class=\"elementor-icon-wrapper\">\n\t\t\t<div class=\"elementor-icon\">\n\t\t\t<i aria-hidden=\"true\" class=\"icon icon-line-chart1\"><\/i>\t\t\t<\/div>\n\t\t<\/div>\n\t\t\t\t\t\t<\/div>\n\t\t\t\t<\/div>\n\t\t\t\t<div class=\"elementor-element elementor-element-a7d577f elementor-widget elementor-widget-image-box\" data-id=\"a7d577f\" data-element_type=\"widget\" data-settings=\"{&quot;ekit_we_effect_on&quot;:&quot;none&quot;}\" data-widget_type=\"image-box.default\">\n\t\t\t\t<div class=\"elementor-widget-container\">\n\t\t\t\t\t<div class=\"elementor-image-box-wrapper\"><div class=\"elementor-image-box-content\"><h3 class=\"elementor-image-box-title\">Process Monitoring<\/h3><p class=\"elementor-image-box-description\">During operation, thermal resistance, abrasion and performance values of the products are constantly monitored and reported.<\/p><\/div><\/div>\t\t\t\t<\/div>\n\t\t\t\t<\/div>\n\t\t\t\t<\/div>\n\t\t<div class=\"elementor-element elementor-element-fee09b8 e-con-full our-work-process-item e-flex elementor-invisible e-con e-child\" data-id=\"fee09b8\" data-element_type=\"container\" data-settings=\"{&quot;animation&quot;:&quot;fadeInUp&quot;,&quot;animation_delay&quot;:200}\">\n\t\t\t\t<div class=\"elementor-element elementor-element-f4cabc9 elementor-view-stacked elementor-shape-square elementor-widget elementor-widget-icon\" data-id=\"f4cabc9\" data-element_type=\"widget\" data-settings=\"{&quot;ekit_we_effect_on&quot;:&quot;none&quot;}\" data-widget_type=\"icon.default\">\n\t\t\t\t<div class=\"elementor-widget-container\">\n\t\t\t\t\t\t\t<div class=\"elementor-icon-wrapper\">\n\t\t\t<div class=\"elementor-icon\">\n\t\t\t<i aria-hidden=\"true\" class=\"icon icon-line-chart\"><\/i>\t\t\t<\/div>\n\t\t<\/div>\n\t\t\t\t\t\t<\/div>\n\t\t\t\t<\/div>\n\t\t\t\t<div class=\"elementor-element elementor-element-eb328ef elementor-widget elementor-widget-image-box\" data-id=\"eb328ef\" data-element_type=\"widget\" data-settings=\"{&quot;ekit_we_effect_on&quot;:&quot;none&quot;}\" data-widget_type=\"image-box.default\">\n\t\t\t\t<div class=\"elementor-widget-container\">\n\t\t\t\t\t<div class=\"elementor-image-box-wrapper\"><div class=\"elementor-image-box-content\"><h3 class=\"elementor-image-box-title\">Final Check &amp; Improvement<\/h3><p class=\"elementor-image-box-description\">Final quality tests are completed, compliance with standards is confirmed, and data is transferred to R&amp;D for continuous improvement.<\/p><\/div><\/div>\t\t\t\t<\/div>\n\t\t\t\t<\/div>\n\t\t\t\t<\/div>\n\t\t\t\t<\/div>\n\t\t\t\t\t<\/div>\n\t\t\t\t<\/div>\n\t\t\t\t<\/div>","protected":false},"excerpt":{"rendered":"<p>Biz Kimiz? Hakk\u0131m\u0131zda RPM Madencilik olarak, madencilik sekt\u00f6r\u00fcnde s\u00fcrd\u00fcr\u00fclebilir \u00fcretim, y\u00fcksek verimlilik ve g\u00fcvenilirli\u011fe \u00f6ncelik veriyoruz. Modern madencilik operasyonlar\u0131n\u0131n gerektirdi\u011fi dayan\u0131kl\u0131l\u0131k ve teknolojiyle uyumlu, uluslararas\u0131 standartlara uygun y\u00fcksek performansl\u0131 refrakter \u00e7\u00f6z\u00fcmlerini operasyonlar\u0131m\u0131za entegre ediyoruz. Dralon Refractory ile i\u015f birli\u011fi i\u00e7inde kulland\u0131\u011f\u0131m\u0131z geli\u015fmi\u015f refrakter \u00fcr\u00fcnler, y\u00fcksek s\u0131cakl\u0131k dayan\u0131m\u0131, uzun \u00f6m\u00fcrl\u00fc kullan\u0131m ve enerji verimlili\u011fi sa\u011flayarak \u00fcretim [&hellip;]<\/p>","protected":false},"author":1,"featured_media":0,"parent":0,"menu_order":0,"comment_status":"closed","ping_status":"closed","template":"elementor_header_footer","meta":{"_joinchat":[],"footnotes":""},"class_list":["post-1277","page","type-page","status-publish","hentry"],"yoast_head":"<!-- This site is optimized with the Yoast SEO plugin v26.0 - https:\/\/yoast.com\/wordpress\/plugins\/seo\/ -->\n<title>Biz Kimiz? - Rpm Madencilik<\/title>\n<meta name=\"description\" content=\"RPM Mining is a trusted company delivering sustainable and efficient mining solutions with advanced refractory technologies.\" \/>\n<meta name=\"robots\" content=\"index, follow, max-snippet:-1, max-image-preview:large, max-video-preview:-1\" \/>\n<link rel=\"canonical\" href=\"https:\/\/rpmmadencilik.com\/en\/biz-kimiz\/\" \/>\n<meta property=\"og:locale\" content=\"en_US\" \/>\n<meta property=\"og:type\" content=\"article\" \/>\n<meta property=\"og:title\" content=\"Biz Kimiz? - Rpm Madencilik\" \/>\n<meta property=\"og:description\" content=\"RPM Mining is a trusted company delivering sustainable and efficient mining solutions with advanced refractory technologies.\" \/>\n<meta property=\"og:url\" content=\"https:\/\/rpmmadencilik.com\/en\/biz-kimiz\/\" \/>\n<meta property=\"og:site_name\" content=\"Rpm Madencilik\" \/>\n<meta property=\"article:modified_time\" content=\"2025-08-27T09:47:13+00:00\" \/>\n<meta property=\"og:image\" content=\"https:\/\/rpmmadencilik.com\/wp-content\/uploads\/2025\/08\/fbfb2823e4cc8f12.jpg_20250411112216_1000x580.jpg\" \/>\n\t<meta property=\"og:image:width\" content=\"1000\" \/>\n\t<meta property=\"og:image:height\" content=\"580\" \/>\n\t<meta property=\"og:image:type\" content=\"image\/jpeg\" \/>\n<meta name=\"twitter:card\" content=\"summary_large_image\" \/>\n<meta name=\"twitter:label1\" content=\"Est. reading time\" \/>\n\t<meta name=\"twitter:data1\" content=\"2 minutes\" \/>\n<script type=\"application\/ld+json\" class=\"yoast-schema-graph\">{\"@context\":\"https:\/\/schema.org\",\"@graph\":[{\"@type\":\"WebPage\",\"@id\":\"https:\/\/rpmmadencilik.com\/biz-kimiz\/\",\"url\":\"https:\/\/rpmmadencilik.com\/biz-kimiz\/\",\"name\":\"Biz Kimiz? - Rpm Madencilik\",\"isPartOf\":{\"@id\":\"https:\/\/rpmmadencilik.com\/#website\"},\"primaryImageOfPage\":{\"@id\":\"https:\/\/rpmmadencilik.com\/biz-kimiz\/#primaryimage\"},\"image\":{\"@id\":\"https:\/\/rpmmadencilik.com\/biz-kimiz\/#primaryimage\"},\"thumbnailUrl\":\"https:\/\/rpmmadencilik.com\/wp-content\/uploads\/2025\/08\/fbfb2823e4cc8f12.jpg_20250411112216_1000x580.jpg\",\"datePublished\":\"2024-03-15T10:54:18+00:00\",\"dateModified\":\"2025-08-27T09:47:13+00:00\",\"description\":\"RPM Mining is a trusted company delivering sustainable and efficient mining solutions with advanced refractory technologies.\",\"breadcrumb\":{\"@id\":\"https:\/\/rpmmadencilik.com\/biz-kimiz\/#breadcrumb\"},\"inLanguage\":\"en-US\",\"potentialAction\":[{\"@type\":\"ReadAction\",\"target\":[\"https:\/\/rpmmadencilik.com\/biz-kimiz\/\"]}]},{\"@type\":\"ImageObject\",\"inLanguage\":\"en-US\",\"@id\":\"https:\/\/rpmmadencilik.com\/biz-kimiz\/#primaryimage\",\"url\":\"https:\/\/rpmmadencilik.com\/wp-content\/uploads\/2025\/08\/fbfb2823e4cc8f12.jpg_20250411112216_1000x580.jpg\",\"contentUrl\":\"https:\/\/rpmmadencilik.com\/wp-content\/uploads\/2025\/08\/fbfb2823e4cc8f12.jpg_20250411112216_1000x580.jpg\"},{\"@type\":\"BreadcrumbList\",\"@id\":\"https:\/\/rpmmadencilik.com\/biz-kimiz\/#breadcrumb\",\"itemListElement\":[{\"@type\":\"ListItem\",\"position\":1,\"name\":\"Anasayfa\",\"item\":\"https:\/\/rpmmadencilik.com\/\"},{\"@type\":\"ListItem\",\"position\":2,\"name\":\"Biz Kimiz?\"}]},{\"@type\":\"WebSite\",\"@id\":\"https:\/\/rpmmadencilik.com\/#website\",\"url\":\"https:\/\/rpmmadencilik.com\/\",\"name\":\"Rpm Madencilik\",\"description\":\"Power in Every Layer\",\"potentialAction\":[{\"@type\":\"SearchAction\",\"target\":{\"@type\":\"EntryPoint\",\"urlTemplate\":\"https:\/\/rpmmadencilik.com\/?s={search_term_string}\"},\"query-input\":{\"@type\":\"PropertyValueSpecification\",\"valueRequired\":true,\"valueName\":\"search_term_string\"}}],\"inLanguage\":\"en-US\"}]}<\/script>\n<!-- \/ Yoast SEO plugin. -->","yoast_head_json":{"title":"Biz Kimiz? - Rpm Madencilik","description":"RPM Mining is a trusted company delivering sustainable and efficient mining solutions with advanced refractory technologies.","robots":{"index":"index","follow":"follow","max-snippet":"max-snippet:-1","max-image-preview":"max-image-preview:large","max-video-preview":"max-video-preview:-1"},"canonical":"https:\/\/rpmmadencilik.com\/en\/biz-kimiz\/","og_locale":"en_US","og_type":"article","og_title":"Biz Kimiz? - Rpm Madencilik","og_description":"RPM Mining is a trusted company delivering sustainable and efficient mining solutions with advanced refractory technologies.","og_url":"https:\/\/rpmmadencilik.com\/en\/biz-kimiz\/","og_site_name":"Rpm Madencilik","article_modified_time":"2025-08-27T09:47:13+00:00","og_image":[{"width":1000,"height":580,"url":"https:\/\/rpmmadencilik.com\/wp-content\/uploads\/2025\/08\/fbfb2823e4cc8f12.jpg_20250411112216_1000x580.jpg","type":"image\/jpeg"}],"twitter_card":"summary_large_image","twitter_misc":{"Est. reading time":"2 minutes"},"schema":{"@context":"https:\/\/schema.org","@graph":[{"@type":"WebPage","@id":"https:\/\/rpmmadencilik.com\/biz-kimiz\/","url":"https:\/\/rpmmadencilik.com\/biz-kimiz\/","name":"Biz Kimiz? - Rpm Madencilik","isPartOf":{"@id":"https:\/\/rpmmadencilik.com\/#website"},"primaryImageOfPage":{"@id":"https:\/\/rpmmadencilik.com\/biz-kimiz\/#primaryimage"},"image":{"@id":"https:\/\/rpmmadencilik.com\/biz-kimiz\/#primaryimage"},"thumbnailUrl":"https:\/\/rpmmadencilik.com\/wp-content\/uploads\/2025\/08\/fbfb2823e4cc8f12.jpg_20250411112216_1000x580.jpg","datePublished":"2024-03-15T10:54:18+00:00","dateModified":"2025-08-27T09:47:13+00:00","description":"RPM Mining is a trusted company delivering sustainable and efficient mining solutions with advanced refractory technologies.","breadcrumb":{"@id":"https:\/\/rpmmadencilik.com\/biz-kimiz\/#breadcrumb"},"inLanguage":"en-US","potentialAction":[{"@type":"ReadAction","target":["https:\/\/rpmmadencilik.com\/biz-kimiz\/"]}]},{"@type":"ImageObject","inLanguage":"en-US","@id":"https:\/\/rpmmadencilik.com\/biz-kimiz\/#primaryimage","url":"https:\/\/rpmmadencilik.com\/wp-content\/uploads\/2025\/08\/fbfb2823e4cc8f12.jpg_20250411112216_1000x580.jpg","contentUrl":"https:\/\/rpmmadencilik.com\/wp-content\/uploads\/2025\/08\/fbfb2823e4cc8f12.jpg_20250411112216_1000x580.jpg"},{"@type":"BreadcrumbList","@id":"https:\/\/rpmmadencilik.com\/biz-kimiz\/#breadcrumb","itemListElement":[{"@type":"ListItem","position":1,"name":"Anasayfa","item":"https:\/\/rpmmadencilik.com\/"},{"@type":"ListItem","position":2,"name":"Biz Kimiz?"}]},{"@type":"WebSite","@id":"https:\/\/rpmmadencilik.com\/#website","url":"https:\/\/rpmmadencilik.com\/","name":"Rpm Madencilik","description":"Power in Every Layer","potentialAction":[{"@type":"SearchAction","target":{"@type":"EntryPoint","urlTemplate":"https:\/\/rpmmadencilik.com\/?s={search_term_string}"},"query-input":{"@type":"PropertyValueSpecification","valueRequired":true,"valueName":"search_term_string"}}],"inLanguage":"en-US"}]}},"_links":{"self":[{"href":"https:\/\/rpmmadencilik.com\/en\/wp-json\/wp\/v2\/pages\/1277","targetHints":{"allow":["GET"]}}],"collection":[{"href":"https:\/\/rpmmadencilik.com\/en\/wp-json\/wp\/v2\/pages"}],"about":[{"href":"https:\/\/rpmmadencilik.com\/en\/wp-json\/wp\/v2\/types\/page"}],"author":[{"embeddable":true,"href":"https:\/\/rpmmadencilik.com\/en\/wp-json\/wp\/v2\/users\/1"}],"replies":[{"embeddable":true,"href":"https:\/\/rpmmadencilik.com\/en\/wp-json\/wp\/v2\/comments?post=1277"}],"version-history":[{"count":103,"href":"https:\/\/rpmmadencilik.com\/en\/wp-json\/wp\/v2\/pages\/1277\/revisions"}],"predecessor-version":[{"id":10240,"href":"https:\/\/rpmmadencilik.com\/en\/wp-json\/wp\/v2\/pages\/1277\/revisions\/10240"}],"wp:attachment":[{"href":"https:\/\/rpmmadencilik.com\/en\/wp-json\/wp\/v2\/media?parent=1277"}],"curies":[{"name":"wp","href":"https:\/\/api.w.org\/{rel}","templated":true}]}}