{"id":10107,"date":"2025-08-22T12:04:05","date_gmt":"2025-08-22T09:04:05","guid":{"rendered":"https:\/\/rpmmadencilik.com\/?page_id=10107"},"modified":"2025-08-27T13:45:20","modified_gmt":"2025-08-27T10:45:20","slug":"urunlerimiz","status":"publish","type":"page","link":"https:\/\/rpmmadencilik.com\/en\/urunlerimiz\/","title":{"rendered":"Our Products"},"content":{"rendered":"<div data-elementor-type=\"wp-page\" data-elementor-id=\"10107\" class=\"elementor elementor-10107\" data-elementor-post-type=\"page\">\n\t\t\t\t<div class=\"elementor-element elementor-element-7cf70c6 e-flex e-con-boxed e-con e-parent\" data-id=\"7cf70c6\" data-element_type=\"container\">\n\t\t\t\t\t<div class=\"e-con-inner\">\n\t\t<div class=\"elementor-element elementor-element-18d5d2c e-con-full e-flex e-con e-child\" data-id=\"18d5d2c\" data-element_type=\"container\">\n\t\t\t\t<div class=\"elementor-element elementor-element-4e0e318 solor-image-animation solor-animation-image-none elementor-widget elementor-widget-image\" data-id=\"4e0e318\" data-element_type=\"widget\" data-settings=\"{&quot;ekit_we_effect_on&quot;:&quot;none&quot;}\" data-widget_type=\"image.default\">\n\t\t\t\t<div class=\"elementor-widget-container\">\n\t\t\t\t\t\t\t\t\t\t\t\t\t\t\t\t<a href=\"https:\/\/rpmmadencilik.com\/en\/portfolio-category\/demir-grubu-astarlari\/\">\n\t\t\t\t\t\t\t<img fetchpriority=\"high\" decoding=\"async\" width=\"800\" height=\"800\" src=\"https:\/\/rpmmadencilik.com\/wp-content\/uploads\/2025\/08\/673e97d70311d744.jpg_20250411114212_800x800.jpg\" class=\"attachment-large size-large wp-image-9841\" alt=\"\" srcset=\"https:\/\/rpmmadencilik.com\/wp-content\/uploads\/2025\/08\/673e97d70311d744.jpg_20250411114212_800x800.jpg 800w, https:\/\/rpmmadencilik.com\/wp-content\/uploads\/2025\/08\/673e97d70311d744.jpg_20250411114212_800x800-300x300.jpg 300w, https:\/\/rpmmadencilik.com\/wp-content\/uploads\/2025\/08\/673e97d70311d744.jpg_20250411114212_800x800-150x150.jpg 150w, https:\/\/rpmmadencilik.com\/wp-content\/uploads\/2025\/08\/673e97d70311d744.jpg_20250411114212_800x800-768x768.jpg 768w, https:\/\/rpmmadencilik.com\/wp-content\/uploads\/2025\/08\/673e97d70311d744.jpg_20250411114212_800x800-12x12.jpg 12w\" sizes=\"(max-width: 800px) 100vw, 800px\" \/>\t\t\t\t\t\t\t\t<\/a>\n\t\t\t\t\t\t\t\t\t\t\t\t\t\t\t<\/div>\n\t\t\t\t<\/div>\n\t\t\t\t<div class=\"elementor-element elementor-element-b01d517 solor-heading-animation solor-animation-heading-none elementor-widget elementor-widget-heading\" data-id=\"b01d517\" data-element_type=\"widget\" data-settings=\"{&quot;ekit_we_effect_on&quot;:&quot;none&quot;}\" data-widget_type=\"heading.default\">\n\t\t\t\t<div class=\"elementor-widget-container\">\n\t\t\t\t\t<h3 class=\"elementor-heading-title elementor-size-default\"><a href=\"https:\/\/rpmmadencilik.com\/en\/portfolio-category\/demir-grubu-astarlari\/\">Iron Group Linings <\/a><\/h3>\t\t\t\t<\/div>\n\t\t\t\t<\/div>\n\t\t\t\t<\/div>\n\t\t<div class=\"elementor-element elementor-element-21fca2e e-con-full e-flex e-con e-child\" data-id=\"21fca2e\" data-element_type=\"container\">\n\t\t\t\t<div class=\"elementor-element elementor-element-f98cfb3 solor-image-animation solor-animation-image-none elementor-widget elementor-widget-image\" data-id=\"f98cfb3\" data-element_type=\"widget\" data-settings=\"{&quot;ekit_we_effect_on&quot;:&quot;none&quot;}\" data-widget_type=\"image.default\">\n\t\t\t\t<div class=\"elementor-widget-container\">\n\t\t\t\t\t\t\t\t\t\t\t\t\t\t\t\t<a href=\"https:\/\/rpmmadencilik.com\/en\/portfolio-category\/demir-disi-astarlari\/\">\n\t\t\t\t\t\t\t<img decoding=\"async\" width=\"800\" height=\"800\" src=\"https:\/\/rpmmadencilik.com\/wp-content\/uploads\/2025\/08\/0016__b9e3d912.jpg_20250411133613_800x800.jpg\" class=\"attachment-large size-large wp-image-9877\" alt=\"\" srcset=\"https:\/\/rpmmadencilik.com\/wp-content\/uploads\/2025\/08\/0016__b9e3d912.jpg_20250411133613_800x800.jpg 800w, https:\/\/rpmmadencilik.com\/wp-content\/uploads\/2025\/08\/0016__b9e3d912.jpg_20250411133613_800x800-300x300.jpg 300w, https:\/\/rpmmadencilik.com\/wp-content\/uploads\/2025\/08\/0016__b9e3d912.jpg_20250411133613_800x800-150x150.jpg 150w, https:\/\/rpmmadencilik.com\/wp-content\/uploads\/2025\/08\/0016__b9e3d912.jpg_20250411133613_800x800-768x768.jpg 768w, https:\/\/rpmmadencilik.com\/wp-content\/uploads\/2025\/08\/0016__b9e3d912.jpg_20250411133613_800x800-12x12.jpg 12w\" sizes=\"(max-width: 800px) 100vw, 800px\" \/>\t\t\t\t\t\t\t\t<\/a>\n\t\t\t\t\t\t\t\t\t\t\t\t\t\t\t<\/div>\n\t\t\t\t<\/div>\n\t\t\t\t<div class=\"elementor-element elementor-element-d934691 solor-heading-animation solor-animation-heading-none elementor-widget elementor-widget-heading\" data-id=\"d934691\" data-element_type=\"widget\" data-settings=\"{&quot;ekit_we_effect_on&quot;:&quot;none&quot;}\" data-widget_type=\"heading.default\">\n\t\t\t\t<div class=\"elementor-widget-container\">\n\t\t\t\t\t<h3 class=\"elementor-heading-title elementor-size-default\"><a href=\"https:\/\/rpmmadencilik.com\/en\/portfolio-category\/demir-disi-astarlari\/\">Non-Ferrous Linings <\/a><\/h3>\t\t\t\t<\/div>\n\t\t\t\t<\/div>\n\t\t\t\t<\/div>\n\t\t<div class=\"elementor-element elementor-element-fe13e08 e-con-full e-flex e-con e-child\" data-id=\"fe13e08\" data-element_type=\"container\">\n\t\t\t\t<div class=\"elementor-element elementor-element-9ccd937 solor-image-animation solor-animation-image-none elementor-widget elementor-widget-image\" data-id=\"9ccd937\" data-element_type=\"widget\" data-settings=\"{&quot;ekit_we_effect_on&quot;:&quot;none&quot;}\" data-widget_type=\"image.default\">\n\t\t\t\t<div class=\"elementor-widget-container\">\n\t\t\t\t\t\t\t\t\t\t\t\t\t\t\t\t<a href=\"https:\/\/rpmmadencilik.com\/en\/portfolio-category\/plastik-malzemeler\/\">\n\t\t\t\t\t\t\t<img decoding=\"async\" width=\"800\" height=\"800\" src=\"https:\/\/rpmmadencilik.com\/wp-content\/uploads\/2025\/08\/fde78a964754840f.jpg_20250411115009_800x800.jpg\" class=\"attachment-large size-large wp-image-9855\" alt=\"\" srcset=\"https:\/\/rpmmadencilik.com\/wp-content\/uploads\/2025\/08\/fde78a964754840f.jpg_20250411115009_800x800.jpg 800w, https:\/\/rpmmadencilik.com\/wp-content\/uploads\/2025\/08\/fde78a964754840f.jpg_20250411115009_800x800-300x300.jpg 300w, https:\/\/rpmmadencilik.com\/wp-content\/uploads\/2025\/08\/fde78a964754840f.jpg_20250411115009_800x800-150x150.jpg 150w, https:\/\/rpmmadencilik.com\/wp-content\/uploads\/2025\/08\/fde78a964754840f.jpg_20250411115009_800x800-768x768.jpg 768w, https:\/\/rpmmadencilik.com\/wp-content\/uploads\/2025\/08\/fde78a964754840f.jpg_20250411115009_800x800-12x12.jpg 12w\" sizes=\"(max-width: 800px) 100vw, 800px\" \/>\t\t\t\t\t\t\t\t<\/a>\n\t\t\t\t\t\t\t\t\t\t\t\t\t\t\t<\/div>\n\t\t\t\t<\/div>\n\t\t\t\t<div class=\"elementor-element elementor-element-d7d59bc solor-heading-animation solor-animation-heading-none elementor-widget elementor-widget-heading\" data-id=\"d7d59bc\" data-element_type=\"widget\" data-settings=\"{&quot;ekit_we_effect_on&quot;:&quot;none&quot;}\" data-widget_type=\"heading.default\">\n\t\t\t\t<div class=\"elementor-widget-container\">\n\t\t\t\t\t<h3 class=\"elementor-heading-title elementor-size-default\"><a href=\"https:\/\/rpmmadencilik.com\/en\/portfolio-category\/plastik-malzemeler\/\">Plastic Materials<\/a><\/h3>\t\t\t\t<\/div>\n\t\t\t\t<\/div>\n\t\t\t\t<\/div>\n\t\t<div class=\"elementor-element elementor-element-8edb1e5 e-con-full e-flex e-con e-child\" data-id=\"8edb1e5\" data-element_type=\"container\">\n\t\t\t\t<div class=\"elementor-element elementor-element-bd49cfb solor-image-animation solor-animation-image-none elementor-widget elementor-widget-image\" data-id=\"bd49cfb\" data-element_type=\"widget\" data-settings=\"{&quot;ekit_we_effect_on&quot;:&quot;none&quot;}\" data-widget_type=\"image.default\">\n\t\t\t\t<div class=\"elementor-widget-container\">\n\t\t\t\t\t\t\t\t\t\t\t\t\t\t\t\t<a href=\"https:\/\/rpmmadencilik.com\/en\/portfolio-category\/diger-rekrakterler\/\">\n\t\t\t\t\t\t\t<img loading=\"lazy\" decoding=\"async\" width=\"800\" height=\"800\" src=\"https:\/\/rpmmadencilik.com\/wp-content\/uploads\/2025\/08\/25a876f1f45e8c38.jpg_20250411140728_800x800.jpg\" class=\"attachment-large size-large wp-image-9904\" alt=\"\" srcset=\"https:\/\/rpmmadencilik.com\/wp-content\/uploads\/2025\/08\/25a876f1f45e8c38.jpg_20250411140728_800x800.jpg 800w, https:\/\/rpmmadencilik.com\/wp-content\/uploads\/2025\/08\/25a876f1f45e8c38.jpg_20250411140728_800x800-300x300.jpg 300w, https:\/\/rpmmadencilik.com\/wp-content\/uploads\/2025\/08\/25a876f1f45e8c38.jpg_20250411140728_800x800-150x150.jpg 150w, https:\/\/rpmmadencilik.com\/wp-content\/uploads\/2025\/08\/25a876f1f45e8c38.jpg_20250411140728_800x800-768x768.jpg 768w, https:\/\/rpmmadencilik.com\/wp-content\/uploads\/2025\/08\/25a876f1f45e8c38.jpg_20250411140728_800x800-12x12.jpg 12w\" sizes=\"(max-width: 800px) 100vw, 800px\" \/>\t\t\t\t\t\t\t\t<\/a>\n\t\t\t\t\t\t\t\t\t\t\t\t\t\t\t<\/div>\n\t\t\t\t<\/div>\n\t\t\t\t<div class=\"elementor-element elementor-element-8c5b926 solor-heading-animation solor-animation-heading-none elementor-widget elementor-widget-heading\" data-id=\"8c5b926\" data-element_type=\"widget\" data-settings=\"{&quot;ekit_we_effect_on&quot;:&quot;none&quot;}\" data-widget_type=\"heading.default\">\n\t\t\t\t<div class=\"elementor-widget-container\">\n\t\t\t\t\t<h3 class=\"elementor-heading-title elementor-size-default\"><a href=\"https:\/\/rpmmadencilik.com\/en\/portfolio-category\/diger-rekrakterler\/\">Other Refractories<\/a><\/h3>\t\t\t\t<\/div>\n\t\t\t\t<\/div>\n\t\t\t\t<\/div>\n\t\t\t\t\t<\/div>\n\t\t\t\t<\/div>\n\t\t\t\t<\/div>","protected":false},"excerpt":{"rendered":"<p>Demir Grubu Astarlar\u0131 Demir D\u0131\u015f\u0131 Astarlar\u0131 Plastik Malzemeler Di\u011fer Rekrakterler<\/p>","protected":false},"author":1,"featured_media":0,"parent":0,"menu_order":0,"comment_status":"closed","ping_status":"closed","template":"","meta":{"_joinchat":[],"footnotes":""},"class_list":["post-10107","page","type-page","status-publish","hentry"],"yoast_head":"<!-- This site is optimized with the Yoast SEO plugin v26.0 - https:\/\/yoast.com\/wordpress\/plugins\/seo\/ -->\n<title>\u00dcr\u00fcnlerimiz - Rpm Madencilik<\/title>\n<meta name=\"robots\" content=\"index, follow, max-snippet:-1, max-image-preview:large, max-video-preview:-1\" \/>\n<link rel=\"canonical\" href=\"https:\/\/rpmmadencilik.com\/en\/urunlerimiz\/\" \/>\n<meta property=\"og:locale\" content=\"en_US\" \/>\n<meta property=\"og:type\" content=\"article\" \/>\n<meta property=\"og:title\" content=\"\u00dcr\u00fcnlerimiz - Rpm Madencilik\" \/>\n<meta property=\"og:description\" content=\"Demir Grubu Astarlar\u0131 Demir D\u0131\u015f\u0131 Astarlar\u0131 Plastik Malzemeler Di\u011fer Rekrakterler\" \/>\n<meta property=\"og:url\" content=\"https:\/\/rpmmadencilik.com\/en\/urunlerimiz\/\" \/>\n<meta property=\"og:site_name\" content=\"Rpm Madencilik\" \/>\n<meta property=\"article:modified_time\" content=\"2025-08-27T10:45:20+00:00\" \/>\n<meta property=\"og:image\" content=\"https:\/\/rpmmadencilik.com\/wp-content\/uploads\/2025\/08\/673e97d70311d744.jpg_20250411114212_800x800.jpg\" \/>\n\t<meta property=\"og:image:width\" content=\"800\" \/>\n\t<meta property=\"og:image:height\" content=\"800\" \/>\n\t<meta property=\"og:image:type\" content=\"image\/jpeg\" \/>\n<meta name=\"twitter:card\" content=\"summary_large_image\" \/>\n<meta name=\"twitter:label1\" content=\"Est. reading time\" \/>\n\t<meta name=\"twitter:data1\" content=\"1 minute\" \/>\n<script type=\"application\/ld+json\" class=\"yoast-schema-graph\">{\"@context\":\"https:\/\/schema.org\",\"@graph\":[{\"@type\":\"WebPage\",\"@id\":\"https:\/\/rpmmadencilik.com\/urunlerimiz\/\",\"url\":\"https:\/\/rpmmadencilik.com\/urunlerimiz\/\",\"name\":\"\u00dcr\u00fcnlerimiz - Rpm Madencilik\",\"isPartOf\":{\"@id\":\"https:\/\/rpmmadencilik.com\/#website\"},\"primaryImageOfPage\":{\"@id\":\"https:\/\/rpmmadencilik.com\/urunlerimiz\/#primaryimage\"},\"image\":{\"@id\":\"https:\/\/rpmmadencilik.com\/urunlerimiz\/#primaryimage\"},\"thumbnailUrl\":\"https:\/\/rpmmadencilik.com\/wp-content\/uploads\/2025\/08\/673e97d70311d744.jpg_20250411114212_800x800.jpg\",\"datePublished\":\"2025-08-22T09:04:05+00:00\",\"dateModified\":\"2025-08-27T10:45:20+00:00\",\"breadcrumb\":{\"@id\":\"https:\/\/rpmmadencilik.com\/urunlerimiz\/#breadcrumb\"},\"inLanguage\":\"en-US\",\"potentialAction\":[{\"@type\":\"ReadAction\",\"target\":[\"https:\/\/rpmmadencilik.com\/urunlerimiz\/\"]}]},{\"@type\":\"ImageObject\",\"inLanguage\":\"en-US\",\"@id\":\"https:\/\/rpmmadencilik.com\/urunlerimiz\/#primaryimage\",\"url\":\"https:\/\/rpmmadencilik.com\/wp-content\/uploads\/2025\/08\/673e97d70311d744.jpg_20250411114212_800x800.jpg\",\"contentUrl\":\"https:\/\/rpmmadencilik.com\/wp-content\/uploads\/2025\/08\/673e97d70311d744.jpg_20250411114212_800x800.jpg\"},{\"@type\":\"BreadcrumbList\",\"@id\":\"https:\/\/rpmmadencilik.com\/urunlerimiz\/#breadcrumb\",\"itemListElement\":[{\"@type\":\"ListItem\",\"position\":1,\"name\":\"Anasayfa\",\"item\":\"https:\/\/rpmmadencilik.com\/\"},{\"@type\":\"ListItem\",\"position\":2,\"name\":\"\u00dcr\u00fcnlerimiz\"}]},{\"@type\":\"WebSite\",\"@id\":\"https:\/\/rpmmadencilik.com\/#website\",\"url\":\"https:\/\/rpmmadencilik.com\/\",\"name\":\"Rpm Madencilik\",\"description\":\"Power in Every Layer\",\"potentialAction\":[{\"@type\":\"SearchAction\",\"target\":{\"@type\":\"EntryPoint\",\"urlTemplate\":\"https:\/\/rpmmadencilik.com\/?s={search_term_string}\"},\"query-input\":{\"@type\":\"PropertyValueSpecification\",\"valueRequired\":true,\"valueName\":\"search_term_string\"}}],\"inLanguage\":\"en-US\"}]}<\/script>\n<!-- \/ Yoast SEO plugin. -->","yoast_head_json":{"title":"\u00dcr\u00fcnlerimiz - Rpm Madencilik","robots":{"index":"index","follow":"follow","max-snippet":"max-snippet:-1","max-image-preview":"max-image-preview:large","max-video-preview":"max-video-preview:-1"},"canonical":"https:\/\/rpmmadencilik.com\/en\/urunlerimiz\/","og_locale":"en_US","og_type":"article","og_title":"\u00dcr\u00fcnlerimiz - Rpm Madencilik","og_description":"Demir Grubu Astarlar\u0131 Demir D\u0131\u015f\u0131 Astarlar\u0131 Plastik Malzemeler Di\u011fer Rekrakterler","og_url":"https:\/\/rpmmadencilik.com\/en\/urunlerimiz\/","og_site_name":"Rpm Madencilik","article_modified_time":"2025-08-27T10:45:20+00:00","og_image":[{"width":800,"height":800,"url":"https:\/\/rpmmadencilik.com\/wp-content\/uploads\/2025\/08\/673e97d70311d744.jpg_20250411114212_800x800.jpg","type":"image\/jpeg"}],"twitter_card":"summary_large_image","twitter_misc":{"Est. reading time":"1 minute"},"schema":{"@context":"https:\/\/schema.org","@graph":[{"@type":"WebPage","@id":"https:\/\/rpmmadencilik.com\/urunlerimiz\/","url":"https:\/\/rpmmadencilik.com\/urunlerimiz\/","name":"\u00dcr\u00fcnlerimiz - Rpm Madencilik","isPartOf":{"@id":"https:\/\/rpmmadencilik.com\/#website"},"primaryImageOfPage":{"@id":"https:\/\/rpmmadencilik.com\/urunlerimiz\/#primaryimage"},"image":{"@id":"https:\/\/rpmmadencilik.com\/urunlerimiz\/#primaryimage"},"thumbnailUrl":"https:\/\/rpmmadencilik.com\/wp-content\/uploads\/2025\/08\/673e97d70311d744.jpg_20250411114212_800x800.jpg","datePublished":"2025-08-22T09:04:05+00:00","dateModified":"2025-08-27T10:45:20+00:00","breadcrumb":{"@id":"https:\/\/rpmmadencilik.com\/urunlerimiz\/#breadcrumb"},"inLanguage":"en-US","potentialAction":[{"@type":"ReadAction","target":["https:\/\/rpmmadencilik.com\/urunlerimiz\/"]}]},{"@type":"ImageObject","inLanguage":"en-US","@id":"https:\/\/rpmmadencilik.com\/urunlerimiz\/#primaryimage","url":"https:\/\/rpmmadencilik.com\/wp-content\/uploads\/2025\/08\/673e97d70311d744.jpg_20250411114212_800x800.jpg","contentUrl":"https:\/\/rpmmadencilik.com\/wp-content\/uploads\/2025\/08\/673e97d70311d744.jpg_20250411114212_800x800.jpg"},{"@type":"BreadcrumbList","@id":"https:\/\/rpmmadencilik.com\/urunlerimiz\/#breadcrumb","itemListElement":[{"@type":"ListItem","position":1,"name":"Anasayfa","item":"https:\/\/rpmmadencilik.com\/"},{"@type":"ListItem","position":2,"name":"\u00dcr\u00fcnlerimiz"}]},{"@type":"WebSite","@id":"https:\/\/rpmmadencilik.com\/#website","url":"https:\/\/rpmmadencilik.com\/","name":"Rpm Madencilik","description":"Power in Every Layer","potentialAction":[{"@type":"SearchAction","target":{"@type":"EntryPoint","urlTemplate":"https:\/\/rpmmadencilik.com\/?s={search_term_string}"},"query-input":{"@type":"PropertyValueSpecification","valueRequired":true,"valueName":"search_term_string"}}],"inLanguage":"en-US"}]}},"_links":{"self":[{"href":"https:\/\/rpmmadencilik.com\/en\/wp-json\/wp\/v2\/pages\/10107","targetHints":{"allow":["GET"]}}],"collection":[{"href":"https:\/\/rpmmadencilik.com\/en\/wp-json\/wp\/v2\/pages"}],"about":[{"href":"https:\/\/rpmmadencilik.com\/en\/wp-json\/wp\/v2\/types\/page"}],"author":[{"embeddable":true,"href":"https:\/\/rpmmadencilik.com\/en\/wp-json\/wp\/v2\/users\/1"}],"replies":[{"embeddable":true,"href":"https:\/\/rpmmadencilik.com\/en\/wp-json\/wp\/v2\/comments?post=10107"}],"version-history":[{"count":11,"href":"https:\/\/rpmmadencilik.com\/en\/wp-json\/wp\/v2\/pages\/10107\/revisions"}],"predecessor-version":[{"id":10205,"href":"https:\/\/rpmmadencilik.com\/en\/wp-json\/wp\/v2\/pages\/10107\/revisions\/10205"}],"wp:attachment":[{"href":"https:\/\/rpmmadencilik.com\/en\/wp-json\/wp\/v2\/media?parent=10107"}],"curies":[{"name":"wp","href":"https:\/\/api.w.org\/{rel}","templated":true}]}}